{"id":15400,"date":"2020-07-15T07:43:17","date_gmt":"2020-07-15T07:43:17","guid":{"rendered":"https:\/\/www.craon.pl\/kontakt\/"},"modified":"2022-05-17T20:47:58","modified_gmt":"2022-05-17T18:47:58","slug":"kontakt","status":"publish","type":"page","link":"https:\/\/www.craon.pl\/de\/kontakt\/","title":{"rendered":"kontakt"},"content":{"rendered":"\t\t<div data-elementor-type=\"wp-page\" data-elementor-id=\"15400\" class=\"elementor elementor-15400 elementor-331\">\n\t\t\t\t\t\t\t\t\t<section class=\"elementor-section elementor-top-section elementor-element elementor-element-2e6a45c elementor-section-boxed elementor-section-height-default elementor-section-height-default\" data-id=\"2e6a45c\" data-element_type=\"section\">\n\t\t\t\t\t\t<div class=\"elementor-container elementor-column-gap-default\">\n\t\t\t\t\t<div class=\"elementor-column elementor-col-100 elementor-top-column elementor-element elementor-element-ee9c6e4\" data-id=\"ee9c6e4\" data-element_type=\"column\">\n\t\t\t<div class=\"elementor-widget-wrap elementor-element-populated\">\n\t\t\t\t\t\t\t\t<div class=\"elementor-element elementor-element-6063975 acenter elementor-widget elementor-widget-wgl-double-headings\" data-id=\"6063975\" data-element_type=\"widget\" data-widget_type=\"wgl-double-headings.default\">\n\t\t\t\t<div class=\"elementor-widget-container\">\n\t\t\t<div class=\"wgl-double_heading\"><div class=\"dbl__subtitle type-default\"><span class=\"svg_media\"><svg version=\"1.1\" xmlns=\"http:\/\/www.w3.org\/2000\/svg\" xmlns:xlink=\"http:\/\/www.w3.org\/1999\/xlink\" x=\"0px\" y=\"0px\" viewBox=\"0 0 100 13.6\" style=\"enable-background:new 0 0 100 13.6;\" xml:space=\"preserve\"><path class=\"st0\" d=\"M28.8,9.7L33,6.9l4.3,2.9c7.7,5.2,17.7,5.2,25.4,0L67,6.9l4.3,2.9c3.9,2.6,8.3,3.9,12.7,3.9c4.4,0,8.8-1.3,12.7-3.9l3.2-2.1C99.9,6.3,100,5,100,3.7c0-0.6,0-1.1,0-1.7l-0.6-0.9L93.5,5c-5.8,3.9-13.3,3.9-19.1,0L67,0l-7.4,5c-5.8,3.9-13.3,3.9-19.1,0L33,0l-7.4,5C19.8,8.9,12.3,8.9,6.5,5L0.7,1.1L0,2c0,0.6,0,1.1,0,1.7C0,5,0.1,6.3,0.2,7.6l3.2,2.1C11.1,14.9,21,14.9,28.8,9.7z\"\/><\/svg><\/span> <\/div><h3 class=\"dbl__title-wrapper\"><span class=\"dbl__title\">SCHREIBEN SIE AN UNS<\/span><\/h3><\/div>\t\t<\/div>\n\t\t\t\t<\/div>\n\t\t\t\t\t<\/div>\n\t\t<\/div>\n\t\t\t\t\t\t\t<\/div>\n\t\t<\/section>\n\t\t\t\t<section class=\"elementor-section elementor-top-section elementor-element elementor-element-4570cee elementor-section-boxed elementor-section-height-default elementor-section-height-default\" data-id=\"4570cee\" data-element_type=\"section\">\n\t\t\t\t\t\t<div class=\"elementor-container elementor-column-gap-default\">\n\t\t\t\t\t<div class=\"elementor-column elementor-col-33 elementor-top-column elementor-element elementor-element-d869bfd\" data-id=\"d869bfd\" data-element_type=\"column\">\n\t\t\t<div class=\"elementor-widget-wrap elementor-element-populated\">\n\t\t\t\t\t\t\t\t<div class=\"elementor-element elementor-element-c84c98d elementor-widget-mobile__width-inherit aleft elementor-widget-icon-box wgl-icon-box elementor-view-default elementor-widget elementor-widget-wgl-info-box\" data-id=\"c84c98d\" data-element_type=\"widget\" data-widget_type=\"wgl-info-box.default\">\n\t\t\t\t<div class=\"elementor-widget-container\">\n\t\t\t<div class=\"wgl-infobox\"><div class=\"wgl-infobox_wrapper wgl-layout-left\"><div class=\"media-wrapper icon-wrapper\"><span class=\"wgl-icon\" ><i class=\"icon elementor-icon flaticon flaticon-pin\" aria-hidden=\"true\"><\/i><\/span><\/div><div class=\"content_wrapper\"><div class=\"wgl-infobox-title_wrapper\"><h3 class=\"wgl-infobox_title\">Craon.pl Sp. z o.o.<\/h3><\/div><div class=\"wgl-infobox_content\"><p>TURKUSOWA 5 <br \/>05-806, KOMOR\u00d3W<\/p><\/div><\/div><\/div><\/div>\t\t<\/div>\n\t\t\t\t<\/div>\n\t\t\t\t\t<\/div>\n\t\t<\/div>\n\t\t\t\t<div class=\"elementor-column elementor-col-33 elementor-top-column elementor-element elementor-element-001df33\" data-id=\"001df33\" data-element_type=\"column\">\n\t\t\t<div class=\"elementor-widget-wrap elementor-element-populated\">\n\t\t\t\t\t\t\t\t<div class=\"elementor-element elementor-element-91e563b elementor-widget-mobile__width-inherit aleft elementor-widget-icon-box wgl-icon-box elementor-view-default elementor-widget elementor-widget-wgl-info-box\" data-id=\"91e563b\" data-element_type=\"widget\" data-widget_type=\"wgl-info-box.default\">\n\t\t\t\t<div class=\"elementor-widget-container\">\n\t\t\t<div class=\"wgl-infobox\"><div class=\"wgl-infobox_wrapper wgl-layout-left\"><div class=\"media-wrapper icon-wrapper\"><span class=\"wgl-icon\" ><i class=\"icon elementor-icon flaticon flaticon-phone-1\" aria-hidden=\"true\"><\/i><\/span><\/div><div class=\"content_wrapper\"><div class=\"wgl-infobox-title_wrapper\"><h3 class=\"wgl-infobox_title\">Kontakttelefonnummer<\/h3><\/div><div class=\"wgl-infobox_content\"><p><a href=\"tel:222991201\">22 299 12 01<\/a><br \/><br \/><\/p><\/div><\/div><\/div><\/div>\t\t<\/div>\n\t\t\t\t<\/div>\n\t\t\t\t\t<\/div>\n\t\t<\/div>\n\t\t\t\t<div class=\"elementor-column elementor-col-33 elementor-top-column elementor-element elementor-element-237e49f\" data-id=\"237e49f\" data-element_type=\"column\">\n\t\t\t<div class=\"elementor-widget-wrap elementor-element-populated\">\n\t\t\t\t\t\t\t\t<div class=\"elementor-element elementor-element-cc107ba elementor-widget-mobile__width-inherit aleft elementor-widget-icon-box wgl-icon-box elementor-view-default elementor-widget elementor-widget-wgl-info-box\" data-id=\"cc107ba\" data-element_type=\"widget\" data-widget_type=\"wgl-info-box.default\">\n\t\t\t\t<div class=\"elementor-widget-container\">\n\t\t\t<div class=\"wgl-infobox\"><div class=\"wgl-infobox_wrapper wgl-layout-left\"><div class=\"media-wrapper icon-wrapper\"><span class=\"wgl-icon\" ><i class=\"icon elementor-icon flaticon flaticon-at\" aria-hidden=\"true\"><\/i><\/span><\/div><div class=\"content_wrapper\"><div class=\"wgl-infobox-title_wrapper\"><h3 class=\"wgl-infobox_title\">E-Mail-Adresse<\/h3><\/div><div class=\"wgl-infobox_content\"><p><a href=\"mailto:sekretariat@craon.pl\">sekretariat@craon.pl<\/a><br \/><br \/><\/p><\/div><\/div><\/div><\/div>\t\t<\/div>\n\t\t\t\t<\/div>\n\t\t\t\t\t<\/div>\n\t\t<\/div>\n\t\t\t\t\t\t\t<\/div>\n\t\t<\/section>\n\t\t\t\t<section class=\"elementor-section elementor-top-section elementor-element elementor-element-ff2461d elementor-section-boxed elementor-section-height-default elementor-section-height-default\" data-id=\"ff2461d\" data-element_type=\"section\">\n\t\t\t\t\t\t<div class=\"elementor-container elementor-column-gap-default\">\n\t\t\t\t\t<div class=\"elementor-column elementor-col-100 elementor-top-column elementor-element elementor-element-e5a505d\" data-id=\"e5a505d\" data-element_type=\"column\">\n\t\t\t<div class=\"elementor-widget-wrap elementor-element-populated\">\n\t\t\t\t\t\t\t\t<div class=\"elementor-element elementor-element-2369ec7 elementor-widget elementor-widget-spacer\" data-id=\"2369ec7\" data-element_type=\"widget\" data-widget_type=\"spacer.default\">\n\t\t\t\t<div class=\"elementor-widget-container\">\n\t\t\t<style>\/*! elementor - v3.10.2 - 29-01-2023 *\/\n.elementor-column .elementor-spacer-inner{height:var(--spacer-size)}.e-con{--container-widget-width:100%}.e-con-inner>.elementor-widget-spacer,.e-con>.elementor-widget-spacer{width:var(--container-widget-width,var(--spacer-size));--align-self:var(--container-widget-align-self,initial);--flex-shrink:0}.e-con-inner>.elementor-widget-spacer>.elementor-widget-container,.e-con-inner>.elementor-widget-spacer>.elementor-widget-container>.elementor-spacer,.e-con>.elementor-widget-spacer>.elementor-widget-container,.e-con>.elementor-widget-spacer>.elementor-widget-container>.elementor-spacer{height:100%}.e-con-inner>.elementor-widget-spacer>.elementor-widget-container>.elementor-spacer>.elementor-spacer-inner,.e-con>.elementor-widget-spacer>.elementor-widget-container>.elementor-spacer>.elementor-spacer-inner{height:var(--container-widget-height,var(--spacer-size))}<\/style>\t\t<div class=\"elementor-spacer\">\n\t\t\t<div class=\"elementor-spacer-inner\"><\/div>\n\t\t<\/div>\n\t\t\t\t<\/div>\n\t\t\t\t<\/div>\n\t\t\t\t\t<\/div>\n\t\t<\/div>\n\t\t\t\t\t\t\t<\/div>\n\t\t<\/section>\n\t\t\t\t<section class=\"elementor-section elementor-top-section elementor-element elementor-element-15dbb4b elementor-section-boxed elementor-section-height-default elementor-section-height-default\" data-id=\"15dbb4b\" data-element_type=\"section\">\n\t\t\t\t\t\t<div class=\"elementor-container elementor-column-gap-default\">\n\t\t\t\t\t<div class=\"elementor-column elementor-col-100 elementor-top-column elementor-element elementor-element-2ef3155\" data-id=\"2ef3155\" data-element_type=\"column\">\n\t\t\t<div class=\"elementor-widget-wrap\">\n\t\t\t\t\t\t\t\t\t<\/div>\n\t\t<\/div>\n\t\t\t\t\t\t\t<\/div>\n\t\t<\/section>\n\t\t\t\t<section class=\"elementor-section elementor-top-section elementor-element elementor-element-dca0554 elementor-section-boxed elementor-section-height-default elementor-section-height-default\" data-id=\"dca0554\" data-element_type=\"section\">\n\t\t\t\t\t\t<div class=\"elementor-container elementor-column-gap-default\">\n\t\t\t\t\t<div class=\"elementor-column elementor-col-100 elementor-top-column elementor-element elementor-element-dc4b751\" data-id=\"dc4b751\" data-element_type=\"column\">\n\t\t\t<div class=\"elementor-widget-wrap elementor-element-populated\">\n\t\t\t\t\t\t\t\t<div class=\"elementor-element elementor-element-9e45013 elementor-widget elementor-widget-spacer\" data-id=\"9e45013\" data-element_type=\"widget\" data-widget_type=\"spacer.default\">\n\t\t\t\t<div class=\"elementor-widget-container\">\n\t\t\t\t\t<div class=\"elementor-spacer\">\n\t\t\t<div class=\"elementor-spacer-inner\"><\/div>\n\t\t<\/div>\n\t\t\t\t<\/div>\n\t\t\t\t<\/div>\n\t\t\t\t<section class=\"elementor-section elementor-inner-section elementor-element elementor-element-96f05de elementor-section-boxed elementor-section-height-default elementor-section-height-default\" data-id=\"96f05de\" data-element_type=\"section\" data-settings=\"{&quot;background_background&quot;:&quot;classic&quot;}\">\n\t\t\t\t\t\t<div class=\"elementor-container elementor-column-gap-default\">\n\t\t\t\t\t<div class=\"elementor-column elementor-col-100 elementor-inner-column elementor-element elementor-element-cebbed8\" data-id=\"cebbed8\" data-element_type=\"column\">\n\t\t\t<div class=\"elementor-widget-wrap elementor-element-populated\">\n\t\t\t\t\t\t\t\t<div class=\"elementor-element elementor-element-1a79c30 acenter elementor-widget elementor-widget-wgl-double-headings\" data-id=\"1a79c30\" data-element_type=\"widget\" data-widget_type=\"wgl-double-headings.default\">\n\t\t\t\t<div class=\"elementor-widget-container\">\n\t\t\t<div class=\"wgl-double_heading\"><h3 class=\"dbl__title-wrapper\"><span class=\"dbl__title\">Hinterlassen Sie eine Nachricht<\/span><\/h3><\/div>\t\t<\/div>\n\t\t\t\t<\/div>\n\t\t\t\t<div class=\"elementor-element elementor-element-9c4f6a1 elementor-widget elementor-widget-shortcode\" data-id=\"9c4f6a1\" data-element_type=\"widget\" data-widget_type=\"shortcode.default\">\n\t\t\t\t<div class=\"elementor-widget-container\">\n\t\t\t\t\t<div class=\"elementor-shortcode\">\n<div class=\"wpcf7 no-js\" id=\"wpcf7-f15404-o1\" lang=\"de-DE\" dir=\"ltr\">\n<div class=\"screen-reader-response\"><p role=\"status\" aria-live=\"polite\" aria-atomic=\"true\"><\/p> <ul><\/ul><\/div>\n<form action=\"\/de\/wp-json\/wp\/v2\/pages\/15400#wpcf7-f15404-o1\" method=\"post\" class=\"wpcf7-form init\" aria-label=\"Kontaktformular\" novalidate=\"novalidate\" data-status=\"init\">\n<div style=\"display: none;\">\n<input type=\"hidden\" name=\"_wpcf7\" value=\"15404\" \/>\n<input type=\"hidden\" name=\"_wpcf7_version\" value=\"5.7.3\" \/>\n<input type=\"hidden\" name=\"_wpcf7_locale\" value=\"de_DE\" \/>\n<input type=\"hidden\" name=\"_wpcf7_unit_tag\" value=\"wpcf7-f15404-o1\" \/>\n<input type=\"hidden\" name=\"_wpcf7_container_post\" value=\"0\" \/>\n<input type=\"hidden\" name=\"_wpcf7_posted_data_hash\" value=\"\" \/>\n<input type=\"hidden\" name=\"_wpcf7_recaptcha_response\" value=\"\" \/>\n<\/div>\n<div class='row acenter'>\n\t<div class='wgl_col-6'>\n\t\t<p><span class=\"wpcf7-form-control-wrap\" data-name=\"imie-nazwisko\"><input size=\"40\" class=\"wpcf7-form-control wpcf7-text\" aria-invalid=\"false\" placeholder=\"Vorname und Name *\" value=\"\" type=\"text\" name=\"imie-nazwisko\" \/><\/span>\n\t\t<\/p>\n\t<\/div>\n\t<div class='wgl_col-6'>\n\t\t<p><span class=\"wpcf7-form-control-wrap\" data-name=\"email\"><input size=\"40\" class=\"wpcf7-form-control wpcf7-text wpcf7-email wpcf7-validates-as-email\" aria-invalid=\"false\" placeholder=\"E-Mail-Adresse *\" value=\"\" type=\"email\" name=\"email\" \/><\/span>\n\t\t<\/p>\n\t<\/div>\n\t<div class='wgl_col-12'>\n\t\t<p><span class=\"wpcf7-form-control-wrap\" data-name=\"temat\"><input size=\"40\" class=\"wpcf7-form-control wpcf7-text\" aria-invalid=\"false\" placeholder=\"Temat\" value=\"\" type=\"text\" name=\"temat\" \/><\/span>\n\t\t<\/p>\n\t<\/div>\n\t<div class='wgl_col-12'>\n\t\t<p><span class=\"wpcf7-form-control-wrap\" data-name=\"tresc-wiadomosci\"><textarea cols=\"40\" rows=\"10\" class=\"wpcf7-form-control wpcf7-textarea\" aria-invalid=\"false\" placeholder=\"Inhalt der Nachricht\" name=\"tresc-wiadomosci\"><\/textarea><\/span>\n\t\t<\/p>\n\t<\/div>\n\t<div class='wgl_col-12'>\n\t\t<p><input class=\"wpcf7-form-control has-spinner wpcf7-submit\" type=\"submit\" value=\"Senden\" \/>\n\t\t<\/p>\n\t<\/div>\n<\/div><div class=\"wpcf7-response-output\" aria-hidden=\"true\"><\/div>\n<\/form>\n<\/div>\n<\/div>\n\t\t\t\t<\/div>\n\t\t\t\t<\/div>\n\t\t\t\t\t<\/div>\n\t\t<\/div>\n\t\t\t\t\t\t\t<\/div>\n\t\t<\/section>\n\t\t\t\t\t<\/div>\n\t\t<\/div>\n\t\t\t\t\t\t\t<\/div>\n\t\t<\/section>\n\t\t\t\t<section class=\"elementor-section elementor-top-section elementor-element elementor-element-4431f72 elementor-section-boxed elementor-section-height-default elementor-section-height-default\" data-id=\"4431f72\" data-element_type=\"section\" lokalizacje=\"\">\n\t\t\t\t\t\t<div class=\"elementor-container elementor-column-gap-default\">\n\t\t\t\t\t<div class=\"elementor-column elementor-col-100 elementor-top-column elementor-element elementor-element-d5bc0d2\" data-id=\"d5bc0d2\" data-element_type=\"column\">\n\t\t\t<div class=\"elementor-widget-wrap elementor-element-populated\">\n\t\t\t\t\t\t\t\t<div class=\"elementor-element elementor-element-37d6e87 elementor-widget elementor-widget-spacer\" data-id=\"37d6e87\" data-element_type=\"widget\" id=\"lok\" data-widget_type=\"spacer.default\">\n\t\t\t\t<div class=\"elementor-widget-container\">\n\t\t\t\t\t<div class=\"elementor-spacer\">\n\t\t\t<div class=\"elementor-spacer-inner\"><\/div>\n\t\t<\/div>\n\t\t\t\t<\/div>\n\t\t\t\t<\/div>\n\t\t\t\t\t<\/div>\n\t\t<\/div>\n\t\t\t\t\t\t\t<\/div>\n\t\t<\/section>\n\t\t\t\t<section class=\"elementor-section elementor-top-section elementor-element elementor-element-bd28095 elementor-section-full_width elementor-section-height-default elementor-section-height-default\" data-id=\"bd28095\" data-element_type=\"section\">\n\t\t\t\t\t\t<div class=\"elementor-container elementor-column-gap-no\">\n\t\t\t\t\t<div class=\"elementor-column elementor-col-100 elementor-top-column elementor-element elementor-element-bddbc19\" data-id=\"bddbc19\" data-element_type=\"column\">\n\t\t\t<div class=\"elementor-widget-wrap elementor-element-populated\">\n\t\t\t\t\t\t\t\t<div class=\"elementor-element elementor-element-2ff71dd elementor-widget elementor-widget-bdt-advanced-gmap\" data-id=\"2ff71dd\" data-element_type=\"widget\" lokalizacje=\"\" data-widget_type=\"bdt-advanced-gmap.default\">\n\t\t\t\t<div class=\"elementor-widget-container\">\n\t\t\t\n\t\t\t\n\t\t\n\t\t<div id=\"bdt-advanced-gmap-2ff71dd\" class=\"bdt-advanced-gmap\" data-map_markers=\"[{&quot;lat&quot;:45.6137286,&quot;lng&quot;:9.3616131,&quot;title&quot;:&quot;Craon Italy&quot;,&quot;icon&quot;:&quot;&quot;,&quot;infoWindow&quot;:{&quot;content&quot;:&quot;Craon.it&lt;br&gt;\\nVia Bice Cremagnani, 16 &lt;br&gt;\\n20871 Vimercate (MB)&lt;br&gt;&quot;}},{&quot;lat&quot;:54.3508378,&quot;lng&quot;:18.6544845,&quot;title&quot;:&quot;Craon.pl Gda\\u0144sk&quot;,&quot;icon&quot;:&quot;&quot;,&quot;infoWindow&quot;:{&quot;content&quot;:&quot;Craon.pl&lt;br&gt;\\nSzeroka 74&lt;br&gt;\\n80-835 Gda\\u0144sk&lt;br&gt;&quot;}},{&quot;lat&quot;:52.149256,&quot;lng&quot;:20.8138091,&quot;title&quot;:&quot;Craon.pl - Komor\\u00f3w&quot;,&quot;icon&quot;:&quot;&quot;,&quot;infoWindow&quot;:{&quot;content&quot;:&quot;Craon.pl&lt;br&gt;\\nTurkusowa 5&lt;br&gt;\\n05-806 Komor\\u00f3w&lt;br&gt;&quot;}}]\" data-map_style=\"[{&quot;featureType&quot;:&quot;administrative&quot;,&quot;elementType&quot;:&quot;all&quot;,&quot;stylers&quot;:[{&quot;saturation&quot;:&quot;-100&quot;}]},{&quot;featureType&quot;:&quot;administrative.province&quot;,&quot;elementType&quot;:&quot;all&quot;,&quot;stylers&quot;:[{&quot;visibility&quot;:&quot;off&quot;}]},{&quot;featureType&quot;:&quot;landscape&quot;,&quot;elementType&quot;:&quot;all&quot;,&quot;stylers&quot;:[{&quot;saturation&quot;:-100},{&quot;lightness&quot;:65},{&quot;visibility&quot;:&quot;on&quot;}]},{&quot;featureType&quot;:&quot;poi&quot;,&quot;elementType&quot;:&quot;all&quot;,&quot;stylers&quot;:[{&quot;saturation&quot;:-100},{&quot;lightness&quot;:&quot;50&quot;},{&quot;visibility&quot;:&quot;simplified&quot;}]},{&quot;featureType&quot;:&quot;road&quot;,&quot;elementType&quot;:&quot;all&quot;,&quot;stylers&quot;:[{&quot;saturation&quot;:&quot;-100&quot;}]},{&quot;featureType&quot;:&quot;road.highway&quot;,&quot;elementType&quot;:&quot;all&quot;,&quot;stylers&quot;:[{&quot;visibility&quot;:&quot;simplified&quot;}]},{&quot;featureType&quot;:&quot;road.arterial&quot;,&quot;elementType&quot;:&quot;all&quot;,&quot;stylers&quot;:[{&quot;lightness&quot;:&quot;30&quot;}]},{&quot;featureType&quot;:&quot;road.local&quot;,&quot;elementType&quot;:&quot;all&quot;,&quot;stylers&quot;:[{&quot;lightness&quot;:&quot;40&quot;}]},{&quot;featureType&quot;:&quot;transit&quot;,&quot;elementType&quot;:&quot;all&quot;,&quot;stylers&quot;:[{&quot;saturation&quot;:-100},{&quot;visibility&quot;:&quot;simplified&quot;}]},{&quot;featureType&quot;:&quot;water&quot;,&quot;elementType&quot;:&quot;geometry&quot;,&quot;stylers&quot;:[{&quot;hue&quot;:&quot;#ffff00&quot;},{&quot;lightness&quot;:-25},{&quot;saturation&quot;:-97}]},{&quot;featureType&quot;:&quot;water&quot;,&quot;elementType&quot;:&quot;labels&quot;,&quot;stylers&quot;:[{&quot;lightness&quot;:-25},{&quot;saturation&quot;:-100}]}]\" data-map_settings=\"{&quot;el&quot;:&quot;#bdt-advanced-gmap-2ff71dd&quot;,&quot;lat&quot;:&quot;45.6137286&quot;,&quot;lng&quot;:&quot;9.3616131&quot;,&quot;zoomControl&quot;:true,&quot;zoom&quot;:4,&quot;streetViewControl&quot;:false,&quot;mapTypeControl&quot;:true}\" data-map_geocode=\"false\"><\/div>\n\t\t\n\t\t\t\t<\/div>\n\t\t\t\t<\/div>\n\t\t\t\t\t<\/div>\n\t\t<\/div>\n\t\t\t\t\t\t\t<\/div>\n\t\t<\/section>\n\t\t\t\t\t\t\t<\/div>\n\t\t","protected":false},"excerpt":{"rendered":"<p>SCHREIBEN SIE AN UNS Craon.pl Sp. z o.o. TURKUSOWA 5 05-806, KOMOR\u00d3W Kontakttelefonnummer 22 299 12 01 E-Mail-Adresse sekretariat@craon.pl Hinterlassen Sie eine Nachricht<\/p>\n","protected":false},"author":1,"featured_media":0,"parent":0,"menu_order":0,"comment_status":"closed","ping_status":"closed","template":"","meta":[],"yoast_head":"<!-- This site is optimized with the Yoast SEO Premium plugin v17.9 (Yoast SEO v20.0) - https:\/\/yoast.com\/wordpress\/plugins\/seo\/ -->\n<title>kontakt - Craon.pl us\u0142ugi informatyczne | poszukujemy utalentowanych specjalist\u00f3w ...<\/title>\n<meta name=\"robots\" content=\"index, follow, max-snippet:-1, max-image-preview:large, max-video-preview:-1\" \/>\n<link rel=\"canonical\" href=\"https:\/\/www.craon.pl\/de\/kontakt\/\" \/>\n<meta property=\"og:locale\" content=\"de_DE\" \/>\n<meta property=\"og:type\" content=\"article\" \/>\n<meta property=\"og:title\" content=\"kontakt\" \/>\n<meta property=\"og:description\" content=\"SCHREIBEN SIE AN UNS Craon.pl Sp. z o.o. TURKUSOWA 5 05-806, KOMOR\u00d3W Kontakttelefonnummer 22 299 12 01 E-Mail-Adresse sekretariat@craon.pl Hinterlassen Sie eine Nachricht\" \/>\n<meta property=\"og:url\" content=\"https:\/\/www.craon.pl\/de\/kontakt\/\" \/>\n<meta property=\"og:site_name\" content=\"Craon.pl us\u0142ugi informatyczne | poszukujemy utalentowanych specjalist\u00f3w ...\" \/>\n<meta property=\"article:modified_time\" content=\"2022-05-17T18:47:58+00:00\" \/>\n<meta name=\"twitter:card\" content=\"summary_large_image\" \/>\n<meta name=\"twitter:label1\" content=\"Gesch\u00e4tzte Lesezeit\" \/>\n\t<meta name=\"twitter:data1\" content=\"12 Minuten\" \/>\n<script type=\"application\/ld+json\" class=\"yoast-schema-graph\">{\"@context\":\"https:\/\/schema.org\",\"@graph\":[{\"@type\":\"WebPage\",\"@id\":\"https:\/\/www.craon.pl\/de\/kontakt\/\",\"url\":\"https:\/\/www.craon.pl\/de\/kontakt\/\",\"name\":\"kontakt - Craon.pl us\u0142ugi informatyczne | poszukujemy utalentowanych specjalist\u00f3w ...\",\"isPartOf\":{\"@id\":\"https:\/\/www.craon.pl\/de\/#website\"},\"datePublished\":\"2020-07-15T07:43:17+00:00\",\"dateModified\":\"2022-05-17T18:47:58+00:00\",\"breadcrumb\":{\"@id\":\"https:\/\/www.craon.pl\/de\/kontakt\/#breadcrumb\"},\"inLanguage\":\"de-DE\",\"potentialAction\":[{\"@type\":\"ReadAction\",\"target\":[\"https:\/\/www.craon.pl\/de\/kontakt\/\"]}]},{\"@type\":\"BreadcrumbList\",\"@id\":\"https:\/\/www.craon.pl\/de\/kontakt\/#breadcrumb\",\"itemListElement\":[{\"@type\":\"ListItem\",\"position\":1,\"name\":\"Craon\",\"item\":\"https:\/\/www.craon.pl\/de\/\"},{\"@type\":\"ListItem\",\"position\":2,\"name\":\"kontakt\"}]},{\"@type\":\"WebSite\",\"@id\":\"https:\/\/www.craon.pl\/de\/#website\",\"url\":\"https:\/\/www.craon.pl\/de\/\",\"name\":\"Craon.pl us\u0142ugi informatyczne | poszukujemy utalentowanych specjalist\u00f3w ...\",\"description\":\"Kszta\u0142ci\u0107 i rozwija\u0107 m\u0142ode pokolenia w zakresie nowoczesnych technologii informatycznych; Wspiera\u0107 naszych partner\u00f3w biznesowych w ...\",\"publisher\":{\"@id\":\"https:\/\/www.craon.pl\/de\/#organization\"},\"potentialAction\":[{\"@type\":\"SearchAction\",\"target\":{\"@type\":\"EntryPoint\",\"urlTemplate\":\"https:\/\/www.craon.pl\/de\/?s={search_term_string}\"},\"query-input\":\"required name=search_term_string\"}],\"inLanguage\":\"de-DE\"},{\"@type\":\"Organization\",\"@id\":\"https:\/\/www.craon.pl\/de\/#organization\",\"name\":\"Craon.pl Sp. z o.o.\",\"url\":\"https:\/\/www.craon.pl\/de\/\",\"logo\":{\"@type\":\"ImageObject\",\"inLanguage\":\"de-DE\",\"@id\":\"https:\/\/www.craon.pl\/de\/#\/schema\/logo\/image\/\",\"url\":\"https:\/\/www.craon.pl\/wp-content\/uploads\/2020\/07\/craon-pl-logo-white.png\",\"contentUrl\":\"https:\/\/www.craon.pl\/wp-content\/uploads\/2020\/07\/craon-pl-logo-white.png\",\"width\":737,\"height\":223,\"caption\":\"Craon.pl Sp. z o.o.\"},\"image\":{\"@id\":\"https:\/\/www.craon.pl\/de\/#\/schema\/logo\/image\/\"},\"sameAs\":[\"https:\/\/pl.linkedin.com\/company\/craon-pl?trk=organization-update_share-update_actor-text\"]}]}<\/script>\n<!-- \/ Yoast SEO Premium plugin. -->","yoast_head_json":{"title":"kontakt - Craon.pl us\u0142ugi informatyczne | poszukujemy utalentowanych specjalist\u00f3w ...","robots":{"index":"index","follow":"follow","max-snippet":"max-snippet:-1","max-image-preview":"max-image-preview:large","max-video-preview":"max-video-preview:-1"},"canonical":"https:\/\/www.craon.pl\/de\/kontakt\/","og_locale":"de_DE","og_type":"article","og_title":"kontakt","og_description":"SCHREIBEN SIE AN UNS Craon.pl Sp. z o.o. TURKUSOWA 5 05-806, KOMOR\u00d3W Kontakttelefonnummer 22 299 12 01 E-Mail-Adresse sekretariat@craon.pl Hinterlassen Sie eine Nachricht","og_url":"https:\/\/www.craon.pl\/de\/kontakt\/","og_site_name":"Craon.pl us\u0142ugi informatyczne | poszukujemy utalentowanych specjalist\u00f3w ...","article_modified_time":"2022-05-17T18:47:58+00:00","twitter_card":"summary_large_image","twitter_misc":{"Gesch\u00e4tzte Lesezeit":"12 Minuten"},"schema":{"@context":"https:\/\/schema.org","@graph":[{"@type":"WebPage","@id":"https:\/\/www.craon.pl\/de\/kontakt\/","url":"https:\/\/www.craon.pl\/de\/kontakt\/","name":"kontakt - Craon.pl us\u0142ugi informatyczne | poszukujemy utalentowanych specjalist\u00f3w ...","isPartOf":{"@id":"https:\/\/www.craon.pl\/de\/#website"},"datePublished":"2020-07-15T07:43:17+00:00","dateModified":"2022-05-17T18:47:58+00:00","breadcrumb":{"@id":"https:\/\/www.craon.pl\/de\/kontakt\/#breadcrumb"},"inLanguage":"de-DE","potentialAction":[{"@type":"ReadAction","target":["https:\/\/www.craon.pl\/de\/kontakt\/"]}]},{"@type":"BreadcrumbList","@id":"https:\/\/www.craon.pl\/de\/kontakt\/#breadcrumb","itemListElement":[{"@type":"ListItem","position":1,"name":"Craon","item":"https:\/\/www.craon.pl\/de\/"},{"@type":"ListItem","position":2,"name":"kontakt"}]},{"@type":"WebSite","@id":"https:\/\/www.craon.pl\/de\/#website","url":"https:\/\/www.craon.pl\/de\/","name":"Craon.pl us\u0142ugi informatyczne | poszukujemy utalentowanych specjalist\u00f3w ...","description":"Kszta\u0142ci\u0107 i rozwija\u0107 m\u0142ode pokolenia w zakresie nowoczesnych technologii informatycznych; Wspiera\u0107 naszych partner\u00f3w biznesowych w ...","publisher":{"@id":"https:\/\/www.craon.pl\/de\/#organization"},"potentialAction":[{"@type":"SearchAction","target":{"@type":"EntryPoint","urlTemplate":"https:\/\/www.craon.pl\/de\/?s={search_term_string}"},"query-input":"required name=search_term_string"}],"inLanguage":"de-DE"},{"@type":"Organization","@id":"https:\/\/www.craon.pl\/de\/#organization","name":"Craon.pl Sp. z o.o.","url":"https:\/\/www.craon.pl\/de\/","logo":{"@type":"ImageObject","inLanguage":"de-DE","@id":"https:\/\/www.craon.pl\/de\/#\/schema\/logo\/image\/","url":"https:\/\/www.craon.pl\/wp-content\/uploads\/2020\/07\/craon-pl-logo-white.png","contentUrl":"https:\/\/www.craon.pl\/wp-content\/uploads\/2020\/07\/craon-pl-logo-white.png","width":737,"height":223,"caption":"Craon.pl Sp. z o.o."},"image":{"@id":"https:\/\/www.craon.pl\/de\/#\/schema\/logo\/image\/"},"sameAs":["https:\/\/pl.linkedin.com\/company\/craon-pl?trk=organization-update_share-update_actor-text"]}]}},"_links":{"self":[{"href":"https:\/\/www.craon.pl\/de\/wp-json\/wp\/v2\/pages\/15400"}],"collection":[{"href":"https:\/\/www.craon.pl\/de\/wp-json\/wp\/v2\/pages"}],"about":[{"href":"https:\/\/www.craon.pl\/de\/wp-json\/wp\/v2\/types\/page"}],"author":[{"embeddable":true,"href":"https:\/\/www.craon.pl\/de\/wp-json\/wp\/v2\/users\/1"}],"replies":[{"embeddable":true,"href":"https:\/\/www.craon.pl\/de\/wp-json\/wp\/v2\/comments?post=15400"}],"version-history":[{"count":0,"href":"https:\/\/www.craon.pl\/de\/wp-json\/wp\/v2\/pages\/15400\/revisions"}],"wp:attachment":[{"href":"https:\/\/www.craon.pl\/de\/wp-json\/wp\/v2\/media?parent=15400"}],"curies":[{"name":"wp","href":"https:\/\/api.w.org\/{rel}","templated":true}]}}