{"id":6847,"date":"2021-11-29T11:00:51","date_gmt":"2021-11-29T10:00:51","guid":{"rendered":"https:\/\/www.craon.pl\/polityka-prywatnosci\/"},"modified":"2022-01-05T09:17:21","modified_gmt":"2022-01-05T08:17:21","slug":"privacy-policy","status":"publish","type":"page","link":"https:\/\/www.craon.pl\/en\/privacy-policy\/","title":{"rendered":"Privacy Policy"},"content":{"rendered":"<p style=\"text-align: left;\"><strong>PRIVACY POLICY<\/strong><\/p>\n<p><span style=\"font-weight: 400;\">In connection with your use of our services, you entrust us with your personal information. It is our goal and responsibility to ensure that the personal information you provide to us is secure and used appropriately. This Privacy Policy governs the processing and protection of your personal data in connection with your use of our website www.craon.pl (hereinafter referred to as the &#8220;Site&#8221;). We assure you that our company strictly adheres to the personal data security policy.<\/span><\/p>\n<p>&nbsp;<\/p>\n<p><b>GENERAL INFORMATION<\/b><\/p>\n<ol>\n<li style=\"font-weight: 400;\" aria-level=\"1\"><span style=\"font-weight: 400;\">The administrator of this website is Craon.pl Sp. z o.o.<\/span><\/li>\n<li style=\"font-weight: 400;\" aria-level=\"1\"><span style=\"font-weight: 400;\">In connection with your use of our Site, we obtain your personal information in the following ways:<\/span>\n<ul>\n<li style=\"font-weight: 400;\" aria-level=\"2\"><span style=\"font-weight: 400;\">by you voluntarily entering information in the forms provided on our Site;<\/span><\/li>\n<li style=\"font-weight: 400;\" aria-level=\"2\"><span style=\"font-weight: 400;\">by saving information in text files stored on the User&#8217;s terminal equipment (cookies).<\/span><\/li>\n<\/ul>\n<\/li>\n<li style=\"font-weight: 400;\" aria-level=\"1\"><span style=\"font-weight: 400;\">When using our Site you should:<\/span>\n<ul>\n<li style=\"font-weight: 400;\" aria-level=\"2\"><span style=\"font-weight: 400;\">accept our Privacy Policy,<\/span><\/li>\n<li style=\"font-weight: 400;\" aria-level=\"2\"><span style=\"font-weight: 400;\">You voluntarily consent to the processing of your personal data by Craon.pl Sp. z o.o. your personal data in accordance with the purpose described below.<\/span><\/li>\n<\/ul>\n<\/li>\n<li style=\"font-weight: 400;\" aria-level=\"1\"><span style=\"font-weight: 400;\">The administrator of the personal data provided by you is Craon.pl sp. z o.o<\/span><span style=\"font-weight: 400;\"><br \/>\n<\/span><span style=\"font-weight: 400;\">based in Komor\u00f3w, ul. Turkusowa 5, registered in the Register of Entrepreneurs of the National Court Register by the District Court for the Capital City of Warsaw in Warsaw, XIV Commercial Division of the National Court Register, under KRS number 0000907494<\/span><\/li>\n<\/ol>\n<p><b>USERS&#8217; PERSONAL DATA<\/b><\/p>\n<p><span style=\"font-weight: 400;\">Scope and purpose of our use of personal information<\/span><\/p>\n<ol>\n<li style=\"font-weight: 400;\" aria-level=\"1\"><span style=\"font-weight: 400;\">To the extent justified by the services provided, we collect, process and store the following personal data and information:\u00a0<\/span>\n<ul>\n<li style=\"font-weight: 400;\" aria-level=\"2\"><span style=\"font-weight: 400;\">name,<\/span><\/li>\n<li style=\"font-weight: 400;\" aria-level=\"2\"><span style=\"font-weight: 400;\">email address,<\/span><\/li>\n<li style=\"font-weight: 400;\" aria-level=\"2\"><span style=\"font-weight: 400;\">information about your computer, your use of the Site and the number and timing of your visits to the Site, and your connection parameters (including your IP address, geographic location, browser type and version, operating system, referral source, length of visits, page views, and Site navigation path),\u00a0<\/span><\/li>\n<li style=\"font-weight: 400;\" aria-level=\"2\"><span style=\"font-weight: 400;\">information made available to us in connection with or generated by your use of services on the Site,<\/span><\/li>\n<li style=\"font-weight: 400;\" aria-level=\"2\"><span style=\"font-weight: 400;\">information contained in any communication sent to us directly or through the Site,<\/span><\/li>\n<li style=\"font-weight: 400;\" aria-level=\"2\"><span style=\"font-weight: 400;\">any other information or personal data you voluntarily provide to us.<\/span><\/li>\n<\/ul>\n<\/li>\n<li style=\"font-weight: 400;\" aria-level=\"1\"><span style=\"font-weight: 400;\">We process any personal data provided to us in accordance with applicable law.<\/span><\/li>\n<li style=\"font-weight: 400;\" aria-level=\"1\"><span style=\"font-weight: 400;\">We process the personal data you provide to us only for the purpose and to the extent for which you have consented.<\/span><\/li>\n<li style=\"font-weight: 400;\" aria-level=\"1\"><span style=\"font-weight: 400;\">We only collect personal information that you voluntarily provide to us. <\/span><span style=\"font-weight: 400;\"><br \/>\n<\/span><span style=\"font-weight: 400;\">In some cases, voluntarily providing us with your personal data may be necessary. Failure by you to consent to their processing may result in limited ability to use our services.<\/span><\/li>\n<li style=\"font-weight: 400;\" aria-level=\"1\"><span style=\"font-weight: 400;\">We will use the personal information you provide to us for purposes:<\/span>\n<ul>\n<li style=\"font-weight: 400;\" aria-level=\"2\"><span style=\"font-weight: 400;\">respond to your inquiries made to us through the forms on the Site or by email,<\/span><\/li>\n<li style=\"font-weight: 400;\" aria-level=\"2\"><span style=\"font-weight: 400;\">carrying out our recruitment process (in relation to your CV or other application documents you send us),<\/span><\/li>\n<li style=\"font-weight: 400;\" aria-level=\"2\"><span style=\"font-weight: 400;\">personalize our Site,<\/span><\/li>\n<li style=\"font-weight: 400;\" aria-level=\"2\"><span style=\"font-weight: 400;\">to send you news, offers or commercial information,<\/span><\/li>\n<li style=\"font-weight: 400;\" aria-level=\"2\"><span style=\"font-weight: 400;\">sending notifications via email,<\/span><\/li>\n<li style=\"font-weight: 400;\" aria-level=\"2\"><span style=\"font-weight: 400;\">to receiveour newsletter by email (you can tell us<\/span><span style=\"font-weight: 400;\"><br \/>\n<\/span><span style=\"font-weight: 400;\">at any time ifyouwish to receive it),<\/span><\/li>\n<li style=\"font-weight: 400;\" aria-level=\"2\"><span style=\"font-weight: 400;\">send you electronic marketing materials and information that we think may be of interest to you,<\/span><\/li>\n<li style=\"font-weight: 400;\" aria-level=\"2\"><span style=\"font-weight: 400;\">keeping our Site secure and preventing fraud,<\/span><\/li>\n<li style=\"font-weight: 400;\" aria-level=\"2\"><span style=\"font-weight: 400;\">administration of our Site.<\/span><\/li>\n<\/ul>\n<\/li>\n<\/ol>\n<p><b>Sharing personal data<\/b><\/p>\n<ol>\n<li style=\"font-weight: 400;\" aria-level=\"1\"><span style=\"font-weight: 400;\">We will only disclose your personal data to third parties with your express consent. We will inform you of the need to share your data with a third party in each case. You have the right not to give your consent for us to share your personal data with such third parties.<\/span><\/li>\n<li style=\"font-weight: 400;\" aria-level=\"1\"><span style=\"font-weight: 400;\">We may share your personal information with our employees, associates, subcontractors, suppliers, insurers, but only to the extent necessary for us to fulfill the purposes set forth in this Privacy Policy. These individuals are required to keep such data confidential.<\/span><\/li>\n<li style=\"font-weight: 400;\" aria-level=\"1\"><span style=\"font-weight: 400;\">The personal information you provide to us may only be shared by us with a third party within the limits of the law.<\/span><\/li>\n<li style=\"font-weight: 400;\" aria-level=\"1\"><span style=\"font-weight: 400;\">We may share your personal information with third parties in particular case:<\/span>\n<ul>\n<li style=\"font-weight: 400;\" aria-level=\"2\"><span style=\"font-weight: 400;\">your consent to such sharing,<\/span><\/li>\n<li style=\"font-weight: 400;\" aria-level=\"2\"><span style=\"font-weight: 400;\">when required by applicable law,<\/span><\/li>\n<li style=\"font-weight: 400;\" aria-level=\"2\"><span style=\"font-weight: 400;\">when we are obliged to do so by a court decision or a decision of another competent authority, in connection with pending proceedings conducted by the competent authorities,<\/span><\/li>\n<li style=\"font-weight: 400;\" aria-level=\"2\"><span style=\"font-weight: 400;\">necessity.<\/span><\/li>\n<li style=\"font-weight: 400;\" aria-level=\"2\"><span style=\"font-weight: 400;\">The personal information you provide to us may be stored, processed and transferred by us between any of the countries and locations in which we operate to enable us to use that information in accordance with this Privacy Policy.<\/span><\/li>\n<\/ul>\n<\/li>\n<\/ol>\n<p><span style=\"font-weight: 400;\">Access to personal data<\/span><\/p>\n<ol>\n<li style=\"font-weight: 400;\" aria-level=\"1\"><span style=\"font-weight: 400;\">We provide you with the right to access your personal information at any time, so you can modify it or correct any errors.<\/span><\/li>\n<li style=\"font-weight: 400;\" aria-level=\"1\"><span style=\"font-weight: 400;\">You also have the right to request that we completely delete or update your personal information. Such a request should be sent to sekretariat@craon.pl. We assure you that we will promptly take appropriate action to comply with your request, provided that it complies with applicable law.<\/span><\/li>\n<li style=\"font-weight: 400;\" aria-level=\"1\"><span style=\"font-weight: 400;\">You may also contact us at any time to ask if and how we use or intend to use your personal information.<\/span><\/li>\n<li style=\"font-weight: 400;\" aria-level=\"1\"><span style=\"font-weight: 400;\">Let us know if we need to change or update your personal information.<\/span><\/li>\n<\/ol>\n<p><span style=\"font-weight: 400;\">Security of personal data<\/span><\/p>\n<ol>\n<li style=\"font-weight: 400;\" aria-level=\"1\"><span style=\"font-weight: 400;\">We follow appropriate procedures and use appropriate technical measures to protect your personal data against loss, unauthorized access by third parties, misuse, alteration or destruction. However, despite our best efforts, it is not possible for us to completely protect your personal data against all existing risks. We will store your personal data on appropriately protected servers.<\/span><\/li>\n<li style=\"font-weight: 400;\" aria-level=\"1\"><span style=\"font-weight: 400;\">We will only process the personal data you provide to us for the time necessary to fulfill the purposes set forth in this Privacy Policy or until you request that we delete such data.\u00a0<\/span><\/li>\n<\/ol>\n<p><span style=\"font-weight: 400;\">INFORMATION ABOUT COOKIES\u00a0<\/span><\/p>\n<p><b>General information<\/b><\/p>\n<p><span style=\"font-weight: 400;\">We use cookies.<\/span><\/p>\n<ol>\n<li style=\"font-weight: 400;\" aria-level=\"1\"><span style=\"font-weight: 400;\">Cookies (so-called &#8220;cookies&#8221;) are computer data, in particular text files, stored on the user&#8217;s terminal device and are intended for use on websites. These files allow for recognition of the user&#8217;s device and appropriate display of the website adapted to its individual preferences. Cookies usually contain the name of the website from which they come, the time of storage on the terminal device and a unique number.<\/span><\/li>\n<li style=\"font-weight: 400;\" aria-level=\"1\"><span style=\"font-weight: 400;\">The website uses cookies to adapt its content to user preferences and to optimize its usability. These files are also used to create anonymous, aggregate statistics that make it possible to analyse how the websites are used, which helps to improve their structure and content, excluding the user&#8217;s personal identification.<\/span><\/li>\n<li style=\"font-weight: 400;\" aria-level=\"1\"><span style=\"font-weight: 400;\">We use two types of cookies:\u00a0\u00a0<\/span>\n<ol>\n<li style=\"font-weight: 400;\" aria-level=\"2\"><span style=\"font-weight: 400;\">session files &#8211; which are temporary files, stored in the end user&#8217;s device until leaving the website, logging out or switching off the web browser<\/span><\/li>\n<li style=\"font-weight: 400;\" aria-level=\"2\"><span style=\"font-weight: 400;\">Persistent files &#8211; which are permanent files, stored in the end user&#8217;s device for the time specified in the parameters of cookies or until they are manually deleted by the user.<\/span><\/li>\n<\/ol>\n<\/li>\n<li style=\"font-weight: 400;\" aria-level=\"1\"><span style=\"font-weight: 400;\">\u00a0Personal data collected through cookies may only be collected to perform specific functions for the user. Such data is encrypted to prevent access by unauthorized users.<\/span><\/li>\n<\/ol>\n<p>&nbsp;<\/p>\n<p><b>Managing cookies<\/b><\/p>\n<ol>\n<li style=\"font-weight: 400;\" aria-level=\"1\"><span style=\"font-weight: 400;\">Web browsing software (Internet browser) usually allows by default to place cookies on the end user&#8217;s device. Users of the Website can make changes to the settings in this regard so as to block the automatic handling of cookies in the browser or inform on each placement of cookies on the user&#8217;s device. Detailed information on this subject can be found in the help or documentation of the Internet browser. Please be informed, however, that restricting the use of cookies may affect some of the functionalities available on our Website, and in some cases may completely prevent you from using the Website.<\/span><\/li>\n<li style=\"font-weight: 400;\" aria-level=\"1\"><span style=\"font-weight: 400;\">Cookies are placed on the user&#8217;s terminal device and may also be used by our advertisers and partners.<\/span><\/li>\n<li style=\"font-weight: 400;\" aria-level=\"1\"><span style=\"font-weight: 400;\">Links on our Site may direct you to other websites. We encourage you to read the privacy policies of our advertisers and partners to learn about the use of cookies used in statistics.<\/span><\/li>\n<li style=\"font-weight: 400;\" aria-level=\"1\"><span style=\"font-weight: 400;\">Cookies may be used by advertising networks to display advertisements tailored to the way you use our Site. For this purpose, they may retain information about your navigation path or length of time on the Site.<\/span><\/li>\n<li style=\"font-weight: 400;\" aria-level=\"1\"><span style=\"font-weight: 400;\">To manage your cookie settings, please select the appropriate web browser and then follow the instructions.<\/span><\/li>\n<\/ol>\n<p><b>NEWSLETTER\u00a0<\/b><\/p>\n<ol>\n<li style=\"font-weight: 400;\" aria-level=\"1\"><span style=\"font-weight: 400;\">If you register for the free newsletter, you will be asked to fill in all mandatory fields in the form (name, e-mail address, position, company name) in order to create an account.\u00a0 All personal data of persons who have made such registration are properly protected by us, in accordance with the provisions of the Act of August 29, 1997 on the protection of personal data.<\/span><\/li>\n<li style=\"font-weight: 400;\" aria-level=\"1\"><span style=\"font-weight: 400;\">By subscribing to our newsletter, you agree to receive information (including advertising) electronically, to the e-mail address you provide us with, in accordance with the provisions of the Electronic Services Act of 18 August 2002.<\/span><\/li>\n<\/ol>\n<p><b>WEBINAR\u00a0<\/b><\/p>\n<ol>\n<li style=\"font-weight: 400;\" aria-level=\"1\"><span style=\"font-weight: 400;\">When registering for free webinars you will be asked to fill in all mandatory fields in the form (name, email address, phone number, position, company name).\u00a0 All personal data of persons who have made such a registration are properly protected by us, in accordance with the provisions of the Personal Data Protection Act of 29 August 1997.<\/span><\/li>\n<li style=\"font-weight: 400;\" aria-level=\"1\"><span style=\"font-weight: 400;\">By subscribing to our newsletter, you agree to receive information (including advertising) electronically, to the e-mail address you provide us with, in accordance with the provisions of the Electronic Services Act of 18 August 2002.<\/span><\/li>\n<\/ol>\n<p><b>CHANGES TO THE PRIVACY POLICY<\/b><\/p>\n<p><span style=\"font-weight: 400;\">We reserve the right to make changes to this document. A new version of our Privacy Policy will be posted on our Site each time. We encourage you to review our Privacy Policy regularly. <\/span><\/p>\n","protected":false},"excerpt":{"rendered":"<p>PRIVACY POLICY In connection with your use of our services, you entrust us with your personal information. It is our goal and responsibility to ensure that the personal information you provide to us is secure and used appropriately. This Privacy Policy governs the processing and protection of your personal data in connection with your use [&hellip;]<\/p>\n","protected":false},"author":1,"featured_media":0,"parent":0,"menu_order":0,"comment_status":"closed","ping_status":"open","template":"","meta":[],"yoast_head":"<!-- This site is optimized with the Yoast SEO Premium plugin v17.9 (Yoast SEO v20.0) - https:\/\/yoast.com\/wordpress\/plugins\/seo\/ -->\n<title>Privacy Policy - Craon.pl us\u0142ugi informatyczne | poszukujemy utalentowanych specjalist\u00f3w ...<\/title>\n<meta name=\"robots\" content=\"index, follow, max-snippet:-1, max-image-preview:large, max-video-preview:-1\" \/>\n<link rel=\"canonical\" href=\"https:\/\/www.craon.pl\/en\/privacy-policy\/\" \/>\n<meta property=\"og:locale\" content=\"en_US\" \/>\n<meta property=\"og:type\" content=\"article\" \/>\n<meta property=\"og:title\" content=\"Privacy Policy\" \/>\n<meta property=\"og:description\" content=\"PRIVACY POLICY In connection with your use of our services, you entrust us with your personal information. It is our goal and responsibility to ensure that the personal information you provide to us is secure and used appropriately. This Privacy Policy governs the processing and protection of your personal data in connection with your use [&hellip;]\" \/>\n<meta property=\"og:url\" content=\"https:\/\/www.craon.pl\/en\/privacy-policy\/\" \/>\n<meta property=\"og:site_name\" content=\"Craon.pl us\u0142ugi informatyczne | poszukujemy utalentowanych specjalist\u00f3w ...\" \/>\n<meta property=\"article:modified_time\" content=\"2022-01-05T08:17:21+00:00\" \/>\n<meta name=\"twitter:card\" content=\"summary_large_image\" \/>\n<meta name=\"twitter:label1\" content=\"Est. reading time\" \/>\n\t<meta name=\"twitter:data1\" content=\"8 minutes\" \/>\n<script type=\"application\/ld+json\" class=\"yoast-schema-graph\">{\"@context\":\"https:\/\/schema.org\",\"@graph\":[{\"@type\":\"WebPage\",\"@id\":\"https:\/\/www.craon.pl\/en\/privacy-policy\/\",\"url\":\"https:\/\/www.craon.pl\/en\/privacy-policy\/\",\"name\":\"Privacy Policy - Craon.pl us\u0142ugi informatyczne | poszukujemy utalentowanych specjalist\u00f3w ...\",\"isPartOf\":{\"@id\":\"https:\/\/www.craon.pl\/en\/#website\"},\"datePublished\":\"2021-11-29T10:00:51+00:00\",\"dateModified\":\"2022-01-05T08:17:21+00:00\",\"breadcrumb\":{\"@id\":\"https:\/\/www.craon.pl\/en\/privacy-policy\/#breadcrumb\"},\"inLanguage\":\"en-US\",\"potentialAction\":[{\"@type\":\"ReadAction\",\"target\":[\"https:\/\/www.craon.pl\/en\/privacy-policy\/\"]}]},{\"@type\":\"BreadcrumbList\",\"@id\":\"https:\/\/www.craon.pl\/en\/privacy-policy\/#breadcrumb\",\"itemListElement\":[{\"@type\":\"ListItem\",\"position\":1,\"name\":\"Craon\",\"item\":\"https:\/\/www.craon.pl\/en\/\"},{\"@type\":\"ListItem\",\"position\":2,\"name\":\"Privacy Policy\"}]},{\"@type\":\"WebSite\",\"@id\":\"https:\/\/www.craon.pl\/en\/#website\",\"url\":\"https:\/\/www.craon.pl\/en\/\",\"name\":\"Craon.pl us\u0142ugi informatyczne | poszukujemy utalentowanych specjalist\u00f3w ...\",\"description\":\"Kszta\u0142ci\u0107 i rozwija\u0107 m\u0142ode pokolenia w zakresie nowoczesnych technologii informatycznych; Wspiera\u0107 naszych partner\u00f3w biznesowych w ...\",\"publisher\":{\"@id\":\"https:\/\/www.craon.pl\/en\/#organization\"},\"potentialAction\":[{\"@type\":\"SearchAction\",\"target\":{\"@type\":\"EntryPoint\",\"urlTemplate\":\"https:\/\/www.craon.pl\/en\/?s={search_term_string}\"},\"query-input\":\"required name=search_term_string\"}],\"inLanguage\":\"en-US\"},{\"@type\":\"Organization\",\"@id\":\"https:\/\/www.craon.pl\/en\/#organization\",\"name\":\"Craon.pl Sp. z o.o.\",\"url\":\"https:\/\/www.craon.pl\/en\/\",\"logo\":{\"@type\":\"ImageObject\",\"inLanguage\":\"en-US\",\"@id\":\"https:\/\/www.craon.pl\/en\/#\/schema\/logo\/image\/\",\"url\":\"https:\/\/www.craon.pl\/wp-content\/uploads\/2020\/07\/craon-pl-logo-white.png\",\"contentUrl\":\"https:\/\/www.craon.pl\/wp-content\/uploads\/2020\/07\/craon-pl-logo-white.png\",\"width\":737,\"height\":223,\"caption\":\"Craon.pl Sp. z o.o.\"},\"image\":{\"@id\":\"https:\/\/www.craon.pl\/en\/#\/schema\/logo\/image\/\"},\"sameAs\":[\"https:\/\/pl.linkedin.com\/company\/craon-pl?trk=organization-update_share-update_actor-text\"]}]}<\/script>\n<!-- \/ Yoast SEO Premium plugin. -->","yoast_head_json":{"title":"Privacy Policy - Craon.pl us\u0142ugi informatyczne | poszukujemy utalentowanych specjalist\u00f3w ...","robots":{"index":"index","follow":"follow","max-snippet":"max-snippet:-1","max-image-preview":"max-image-preview:large","max-video-preview":"max-video-preview:-1"},"canonical":"https:\/\/www.craon.pl\/en\/privacy-policy\/","og_locale":"en_US","og_type":"article","og_title":"Privacy Policy","og_description":"PRIVACY POLICY In connection with your use of our services, you entrust us with your personal information. It is our goal and responsibility to ensure that the personal information you provide to us is secure and used appropriately. This Privacy Policy governs the processing and protection of your personal data in connection with your use [&hellip;]","og_url":"https:\/\/www.craon.pl\/en\/privacy-policy\/","og_site_name":"Craon.pl us\u0142ugi informatyczne | poszukujemy utalentowanych specjalist\u00f3w ...","article_modified_time":"2022-01-05T08:17:21+00:00","twitter_card":"summary_large_image","twitter_misc":{"Est. reading time":"8 minutes"},"schema":{"@context":"https:\/\/schema.org","@graph":[{"@type":"WebPage","@id":"https:\/\/www.craon.pl\/en\/privacy-policy\/","url":"https:\/\/www.craon.pl\/en\/privacy-policy\/","name":"Privacy Policy - Craon.pl us\u0142ugi informatyczne | poszukujemy utalentowanych specjalist\u00f3w ...","isPartOf":{"@id":"https:\/\/www.craon.pl\/en\/#website"},"datePublished":"2021-11-29T10:00:51+00:00","dateModified":"2022-01-05T08:17:21+00:00","breadcrumb":{"@id":"https:\/\/www.craon.pl\/en\/privacy-policy\/#breadcrumb"},"inLanguage":"en-US","potentialAction":[{"@type":"ReadAction","target":["https:\/\/www.craon.pl\/en\/privacy-policy\/"]}]},{"@type":"BreadcrumbList","@id":"https:\/\/www.craon.pl\/en\/privacy-policy\/#breadcrumb","itemListElement":[{"@type":"ListItem","position":1,"name":"Craon","item":"https:\/\/www.craon.pl\/en\/"},{"@type":"ListItem","position":2,"name":"Privacy Policy"}]},{"@type":"WebSite","@id":"https:\/\/www.craon.pl\/en\/#website","url":"https:\/\/www.craon.pl\/en\/","name":"Craon.pl us\u0142ugi informatyczne | poszukujemy utalentowanych specjalist\u00f3w ...","description":"Kszta\u0142ci\u0107 i rozwija\u0107 m\u0142ode pokolenia w zakresie nowoczesnych technologii informatycznych; Wspiera\u0107 naszych partner\u00f3w biznesowych w ...","publisher":{"@id":"https:\/\/www.craon.pl\/en\/#organization"},"potentialAction":[{"@type":"SearchAction","target":{"@type":"EntryPoint","urlTemplate":"https:\/\/www.craon.pl\/en\/?s={search_term_string}"},"query-input":"required name=search_term_string"}],"inLanguage":"en-US"},{"@type":"Organization","@id":"https:\/\/www.craon.pl\/en\/#organization","name":"Craon.pl Sp. z o.o.","url":"https:\/\/www.craon.pl\/en\/","logo":{"@type":"ImageObject","inLanguage":"en-US","@id":"https:\/\/www.craon.pl\/en\/#\/schema\/logo\/image\/","url":"https:\/\/www.craon.pl\/wp-content\/uploads\/2020\/07\/craon-pl-logo-white.png","contentUrl":"https:\/\/www.craon.pl\/wp-content\/uploads\/2020\/07\/craon-pl-logo-white.png","width":737,"height":223,"caption":"Craon.pl Sp. z o.o."},"image":{"@id":"https:\/\/www.craon.pl\/en\/#\/schema\/logo\/image\/"},"sameAs":["https:\/\/pl.linkedin.com\/company\/craon-pl?trk=organization-update_share-update_actor-text"]}]}},"_links":{"self":[{"href":"https:\/\/www.craon.pl\/en\/wp-json\/wp\/v2\/pages\/6847"}],"collection":[{"href":"https:\/\/www.craon.pl\/en\/wp-json\/wp\/v2\/pages"}],"about":[{"href":"https:\/\/www.craon.pl\/en\/wp-json\/wp\/v2\/types\/page"}],"author":[{"embeddable":true,"href":"https:\/\/www.craon.pl\/en\/wp-json\/wp\/v2\/users\/1"}],"replies":[{"embeddable":true,"href":"https:\/\/www.craon.pl\/en\/wp-json\/wp\/v2\/comments?post=6847"}],"version-history":[{"count":0,"href":"https:\/\/www.craon.pl\/en\/wp-json\/wp\/v2\/pages\/6847\/revisions"}],"wp:attachment":[{"href":"https:\/\/www.craon.pl\/en\/wp-json\/wp\/v2\/media?parent=6847"}],"curies":[{"name":"wp","href":"https:\/\/api.w.org\/{rel}","templated":true}]}}