{"id":7964,"date":"2022-01-05T12:26:03","date_gmt":"2022-01-05T11:26:03","guid":{"rendered":"https:\/\/www.craon.pl\/sincroware\/"},"modified":"2022-02-03T21:48:46","modified_gmt":"2022-02-03T20:48:46","slug":"sincronis","status":"publish","type":"page","link":"https:\/\/www.craon.pl\/en\/sincronis\/","title":{"rendered":"SINCROWARE"},"content":{"rendered":"\t\t<div data-elementor-type=\"wp-page\" data-elementor-id=\"7964\" class=\"elementor elementor-7964 elementor-7938\">\n\t\t\t\t\t\t\t\t\t<section class=\"elementor-section elementor-top-section elementor-element elementor-element-3310717 elementor-section-full_width elementor-section-height-default elementor-section-height-default\" data-id=\"3310717\" data-element_type=\"section\">\n\t\t\t\t\t\t<div class=\"elementor-container elementor-column-gap-no\">\n\t\t\t\t\t<div class=\"elementor-column elementor-col-100 elementor-top-column elementor-element elementor-element-9f7610d\" data-id=\"9f7610d\" data-element_type=\"column\">\n\t\t\t<div class=\"elementor-widget-wrap elementor-element-populated\">\n\t\t\t\t\t\t\t\t<div class=\"elementor-element elementor-element-6bf497d elementor-widget elementor-widget-image\" data-id=\"6bf497d\" data-element_type=\"widget\" data-widget_type=\"image.default\">\n\t\t\t\t<div class=\"elementor-widget-container\">\n\t\t\t<style>\/*! elementor - v3.10.2 - 29-01-2023 *\/\n.elementor-widget-image{text-align:center}.elementor-widget-image a{display:inline-block}.elementor-widget-image a img[src$=\".svg\"]{width:48px}.elementor-widget-image img{vertical-align:middle;display:inline-block}<\/style>\t\t\t\t\t\t\t\t\t\t\t\t<img width=\"1920\" height=\"1080\" src=\"https:\/\/www.craon.pl\/wp-content\/uploads\/2022\/02\/1-1.png\" class=\"attachment-full size-full wp-image-14595\" alt=\"\" srcset=\"https:\/\/www.craon.pl\/wp-content\/uploads\/2022\/02\/1-1.png 1920w, https:\/\/www.craon.pl\/wp-content\/uploads\/2022\/02\/1-1-300x169.png 300w, https:\/\/www.craon.pl\/wp-content\/uploads\/2022\/02\/1-1-1024x576.png 1024w, https:\/\/www.craon.pl\/wp-content\/uploads\/2022\/02\/1-1-768x432.png 768w, https:\/\/www.craon.pl\/wp-content\/uploads\/2022\/02\/1-1-1536x864.png 1536w\" sizes=\"(max-width: 1920px) 100vw, 1920px\" \/>\t\t\t\t\t\t\t\t\t\t\t\t\t\t\t<\/div>\n\t\t\t\t<\/div>\n\t\t\t\t<div class=\"elementor-element elementor-element-ac1ebe5 elementor-widget elementor-widget-image\" data-id=\"ac1ebe5\" data-element_type=\"widget\" data-widget_type=\"image.default\">\n\t\t\t\t<div class=\"elementor-widget-container\">\n\t\t\t\t\t\t\t\t\t\t\t\t\t\t\t<img width=\"1920\" height=\"1080\" src=\"https:\/\/www.craon.pl\/wp-content\/uploads\/2022\/02\/2-1.png\" class=\"attachment-full size-full wp-image-14597\" alt=\"\" srcset=\"https:\/\/www.craon.pl\/wp-content\/uploads\/2022\/02\/2-1.png 1920w, https:\/\/www.craon.pl\/wp-content\/uploads\/2022\/02\/2-1-300x169.png 300w, https:\/\/www.craon.pl\/wp-content\/uploads\/2022\/02\/2-1-1024x576.png 1024w, https:\/\/www.craon.pl\/wp-content\/uploads\/2022\/02\/2-1-768x432.png 768w, https:\/\/www.craon.pl\/wp-content\/uploads\/2022\/02\/2-1-1536x864.png 1536w\" sizes=\"(max-width: 1920px) 100vw, 1920px\" \/>\t\t\t\t\t\t\t\t\t\t\t\t\t\t\t<\/div>\n\t\t\t\t<\/div>\n\t\t\t\t<div class=\"elementor-element elementor-element-24256a8 elementor-widget elementor-widget-image\" data-id=\"24256a8\" data-element_type=\"widget\" data-widget_type=\"image.default\">\n\t\t\t\t<div class=\"elementor-widget-container\">\n\t\t\t\t\t\t\t\t\t\t\t\t\t\t\t<img width=\"1920\" height=\"1080\" src=\"https:\/\/www.craon.pl\/wp-content\/uploads\/2022\/02\/3-1.png\" class=\"attachment-full size-full wp-image-14599\" alt=\"\" srcset=\"https:\/\/www.craon.pl\/wp-content\/uploads\/2022\/02\/3-1.png 1920w, https:\/\/www.craon.pl\/wp-content\/uploads\/2022\/02\/3-1-300x169.png 300w, https:\/\/www.craon.pl\/wp-content\/uploads\/2022\/02\/3-1-1024x576.png 1024w, https:\/\/www.craon.pl\/wp-content\/uploads\/2022\/02\/3-1-768x432.png 768w, https:\/\/www.craon.pl\/wp-content\/uploads\/2022\/02\/3-1-1536x864.png 1536w\" sizes=\"(max-width: 1920px) 100vw, 1920px\" \/>\t\t\t\t\t\t\t\t\t\t\t\t\t\t\t<\/div>\n\t\t\t\t<\/div>\n\t\t\t\t<div class=\"elementor-element elementor-element-a9db3d1 elementor-widget elementor-widget-image\" data-id=\"a9db3d1\" data-element_type=\"widget\" data-widget_type=\"image.default\">\n\t\t\t\t<div class=\"elementor-widget-container\">\n\t\t\t\t\t\t\t\t\t\t\t\t\t\t\t<img width=\"1920\" height=\"1080\" src=\"https:\/\/www.craon.pl\/wp-content\/uploads\/2022\/02\/4-1.png\" class=\"attachment-full size-full wp-image-14601\" alt=\"\" srcset=\"https:\/\/www.craon.pl\/wp-content\/uploads\/2022\/02\/4-1.png 1920w, https:\/\/www.craon.pl\/wp-content\/uploads\/2022\/02\/4-1-300x169.png 300w, https:\/\/www.craon.pl\/wp-content\/uploads\/2022\/02\/4-1-1024x576.png 1024w, https:\/\/www.craon.pl\/wp-content\/uploads\/2022\/02\/4-1-768x432.png 768w, https:\/\/www.craon.pl\/wp-content\/uploads\/2022\/02\/4-1-1536x864.png 1536w\" sizes=\"(max-width: 1920px) 100vw, 1920px\" \/>\t\t\t\t\t\t\t\t\t\t\t\t\t\t\t<\/div>\n\t\t\t\t<\/div>\n\t\t\t\t<div class=\"elementor-element elementor-element-74641bb elementor-widget elementor-widget-image\" data-id=\"74641bb\" data-element_type=\"widget\" data-widget_type=\"image.default\">\n\t\t\t\t<div class=\"elementor-widget-container\">\n\t\t\t\t\t\t\t\t\t\t\t\t\t\t\t<img width=\"1920\" height=\"1080\" src=\"https:\/\/www.craon.pl\/wp-content\/uploads\/2022\/02\/5-1.png\" class=\"attachment-full size-full wp-image-14603\" alt=\"\" srcset=\"https:\/\/www.craon.pl\/wp-content\/uploads\/2022\/02\/5-1.png 1920w, https:\/\/www.craon.pl\/wp-content\/uploads\/2022\/02\/5-1-300x169.png 300w, https:\/\/www.craon.pl\/wp-content\/uploads\/2022\/02\/5-1-1024x576.png 1024w, https:\/\/www.craon.pl\/wp-content\/uploads\/2022\/02\/5-1-768x432.png 768w, https:\/\/www.craon.pl\/wp-content\/uploads\/2022\/02\/5-1-1536x864.png 1536w\" sizes=\"(max-width: 1920px) 100vw, 1920px\" \/>\t\t\t\t\t\t\t\t\t\t\t\t\t\t\t<\/div>\n\t\t\t\t<\/div>\n\t\t\t\t<div class=\"elementor-element elementor-element-4ea8260 elementor-widget elementor-widget-image\" data-id=\"4ea8260\" data-element_type=\"widget\" data-widget_type=\"image.default\">\n\t\t\t\t<div class=\"elementor-widget-container\">\n\t\t\t\t\t\t\t\t\t\t\t\t\t\t\t<img width=\"1920\" height=\"1080\" src=\"https:\/\/www.craon.pl\/wp-content\/uploads\/2022\/02\/6-1.png\" class=\"attachment-full size-full wp-image-14605\" alt=\"\" srcset=\"https:\/\/www.craon.pl\/wp-content\/uploads\/2022\/02\/6-1.png 1920w, https:\/\/www.craon.pl\/wp-content\/uploads\/2022\/02\/6-1-300x169.png 300w, https:\/\/www.craon.pl\/wp-content\/uploads\/2022\/02\/6-1-1024x576.png 1024w, https:\/\/www.craon.pl\/wp-content\/uploads\/2022\/02\/6-1-768x432.png 768w, https:\/\/www.craon.pl\/wp-content\/uploads\/2022\/02\/6-1-1536x864.png 1536w\" sizes=\"(max-width: 1920px) 100vw, 1920px\" \/>\t\t\t\t\t\t\t\t\t\t\t\t\t\t\t<\/div>\n\t\t\t\t<\/div>\n\t\t\t\t<div class=\"elementor-element elementor-element-999ffd9 elementor-widget elementor-widget-image\" data-id=\"999ffd9\" data-element_type=\"widget\" data-widget_type=\"image.default\">\n\t\t\t\t<div class=\"elementor-widget-container\">\n\t\t\t\t\t\t\t\t\t\t\t\t\t\t\t<img width=\"1920\" height=\"1080\" src=\"https:\/\/www.craon.pl\/wp-content\/uploads\/2022\/02\/7.png\" class=\"attachment-full size-full wp-image-14607\" alt=\"\" srcset=\"https:\/\/www.craon.pl\/wp-content\/uploads\/2022\/02\/7.png 1920w, https:\/\/www.craon.pl\/wp-content\/uploads\/2022\/02\/7-300x169.png 300w, https:\/\/www.craon.pl\/wp-content\/uploads\/2022\/02\/7-1024x576.png 1024w, https:\/\/www.craon.pl\/wp-content\/uploads\/2022\/02\/7-768x432.png 768w, https:\/\/www.craon.pl\/wp-content\/uploads\/2022\/02\/7-1536x864.png 1536w\" sizes=\"(max-width: 1920px) 100vw, 1920px\" \/>\t\t\t\t\t\t\t\t\t\t\t\t\t\t\t<\/div>\n\t\t\t\t<\/div>\n\t\t\t\t<div class=\"elementor-element elementor-element-e72abd0 elementor-widget elementor-widget-image\" data-id=\"e72abd0\" data-element_type=\"widget\" data-widget_type=\"image.default\">\n\t\t\t\t<div class=\"elementor-widget-container\">\n\t\t\t\t\t\t\t\t\t\t\t\t\t\t\t<img width=\"1920\" height=\"1080\" src=\"https:\/\/www.craon.pl\/wp-content\/uploads\/2022\/02\/8.png\" class=\"attachment-full size-full wp-image-14609\" alt=\"\" srcset=\"https:\/\/www.craon.pl\/wp-content\/uploads\/2022\/02\/8.png 1920w, https:\/\/www.craon.pl\/wp-content\/uploads\/2022\/02\/8-300x169.png 300w, https:\/\/www.craon.pl\/wp-content\/uploads\/2022\/02\/8-1024x576.png 1024w, https:\/\/www.craon.pl\/wp-content\/uploads\/2022\/02\/8-768x432.png 768w, https:\/\/www.craon.pl\/wp-content\/uploads\/2022\/02\/8-1536x864.png 1536w\" sizes=\"(max-width: 1920px) 100vw, 1920px\" \/>\t\t\t\t\t\t\t\t\t\t\t\t\t\t\t<\/div>\n\t\t\t\t<\/div>\n\t\t\t\t\t<\/div>\n\t\t<\/div>\n\t\t\t\t\t\t\t<\/div>\n\t\t<\/section>\n\t\t\t\t<section class=\"elementor-section elementor-inner-section elementor-element elementor-element-13b964fa elementor-section-boxed elementor-section-height-default elementor-section-height-default\" data-id=\"13b964fa\" data-element_type=\"section\" data-settings=\"{&quot;background_background&quot;:&quot;classic&quot;}\">\n\t\t\t\t\t\t<div class=\"elementor-container elementor-column-gap-default\">\n\t\t\t\t\t<div class=\"elementor-column elementor-col-100 elementor-inner-column elementor-element elementor-element-b4e4698\" data-id=\"b4e4698\" data-element_type=\"column\">\n\t\t\t<div class=\"elementor-widget-wrap elementor-element-populated\">\n\t\t\t\t\t\t\t\t<div class=\"elementor-element elementor-element-4a97697 acenter elementor-widget elementor-widget-wgl-double-headings\" data-id=\"4a97697\" data-element_type=\"widget\" data-widget_type=\"wgl-double-headings.default\">\n\t\t\t\t<div class=\"elementor-widget-container\">\n\t\t\t<div class=\"wgl-double_heading\"><h3 class=\"dbl__title-wrapper\"><span class=\"dbl__title\">Leave a message<\/span><\/h3><\/div>\t\t<\/div>\n\t\t\t\t<\/div>\n\t\t\t\t<div class=\"elementor-element elementor-element-79a1d471 elementor-widget elementor-widget-shortcode\" data-id=\"79a1d471\" data-element_type=\"widget\" data-widget_type=\"shortcode.default\">\n\t\t\t\t<div class=\"elementor-widget-container\">\n\t\t\t\t\t<div class=\"elementor-shortcode\">\n<div class=\"wpcf7 no-js\" id=\"wpcf7-f7750-o1\" lang=\"en-US\" dir=\"ltr\">\n<div class=\"screen-reader-response\"><p role=\"status\" aria-live=\"polite\" aria-atomic=\"true\"><\/p> <ul><\/ul><\/div>\n<form action=\"\/en\/wp-json\/wp\/v2\/pages\/7964#wpcf7-f7750-o1\" method=\"post\" class=\"wpcf7-form init\" aria-label=\"Contact form\" novalidate=\"novalidate\" data-status=\"init\">\n<div style=\"display: none;\">\n<input type=\"hidden\" name=\"_wpcf7\" value=\"7750\" \/>\n<input type=\"hidden\" name=\"_wpcf7_version\" value=\"5.7.3\" \/>\n<input type=\"hidden\" name=\"_wpcf7_locale\" value=\"en_US\" \/>\n<input type=\"hidden\" name=\"_wpcf7_unit_tag\" value=\"wpcf7-f7750-o1\" \/>\n<input type=\"hidden\" name=\"_wpcf7_container_post\" value=\"0\" \/>\n<input type=\"hidden\" name=\"_wpcf7_posted_data_hash\" value=\"\" \/>\n<input type=\"hidden\" name=\"_wpcf7_recaptcha_response\" value=\"\" \/>\n<\/div>\n<div class='row acenter'>\n\t<div class='wgl_col-6'>\n\t\t<p><span class=\"wpcf7-form-control-wrap\" data-name=\"text-759\"><input size=\"40\" class=\"wpcf7-form-control wpcf7-text\" aria-invalid=\"false\" placeholder=\"Name and Surname *\" value=\"\" type=\"text\" name=\"text-759\" \/><\/span>\n\t\t<\/p>\n\t<\/div>\n\t<div class='wgl_col-6'>\n\t\t<p><span class=\"wpcf7-form-control-wrap\" data-name=\"email-613\"><input size=\"40\" class=\"wpcf7-form-control wpcf7-text wpcf7-email wpcf7-validates-as-email\" aria-invalid=\"false\" placeholder=\"Email address *\" value=\"\" type=\"email\" name=\"email-613\" \/><\/span>\n\t\t<\/p>\n\t<\/div>\n\t<div class='wgl_col-12'>\n\t\t<p><span class=\"wpcf7-form-control-wrap\" data-name=\"tel-168\"><input size=\"40\" class=\"wpcf7-form-control wpcf7-text wpcf7-tel wpcf7-validates-as-required wpcf7-validates-as-tel\" aria-required=\"true\" aria-invalid=\"false\" value=\"Phone number: +48 123 123 123\" type=\"tel\" name=\"tel-168\" \/><\/span>\n\t\t<\/p>\n\t<\/div>\n\t<div class='wgl_col-12'>\n\t\t<p><span class=\"wpcf7-form-control-wrap\" data-name=\"textarea-876\"><textarea cols=\"40\" rows=\"10\" class=\"wpcf7-form-control wpcf7-textarea\" aria-invalid=\"false\" placeholder=\"Message content\" name=\"textarea-876\"><\/textarea><\/span>\n\t\t<\/p>\n\t<\/div>\n\t<div class='wgl_col-12'>\n\t\t<p><input class=\"wpcf7-form-control has-spinner wpcf7-submit\" type=\"submit\" value=\"Send\" \/>\n\t\t<\/p>\n\t<\/div>\n<\/div><div class=\"wpcf7-response-output\" aria-hidden=\"true\"><\/div>\n<\/form>\n<\/div>\n<\/div>\n\t\t\t\t<\/div>\n\t\t\t\t<\/div>\n\t\t\t\t\t<\/div>\n\t\t<\/div>\n\t\t\t\t\t\t\t<\/div>\n\t\t<\/section>\n\t\t\t\t<section class=\"elementor-section elementor-inner-section elementor-element elementor-element-3920666f elementor-section-boxed elementor-section-height-default elementor-section-height-default\" data-id=\"3920666f\" data-element_type=\"section\" data-settings=\"{&quot;background_background&quot;:&quot;classic&quot;}\">\n\t\t\t\t\t\t<div class=\"elementor-container elementor-column-gap-default\">\n\t\t\t\t\t<div class=\"elementor-column elementor-col-33 elementor-inner-column elementor-element elementor-element-1f4b9102\" data-id=\"1f4b9102\" data-element_type=\"column\" data-settings=\"{&quot;background_background&quot;:&quot;classic&quot;}\">\n\t\t\t<div class=\"elementor-widget-wrap elementor-element-populated\">\n\t\t\t\t\t\t\t\t<div class=\"elementor-element elementor-element-3d6e616f elementor-hidden-tablet elementor-hidden-mobile elementor-widget elementor-widget-spacer\" data-id=\"3d6e616f\" data-element_type=\"widget\" data-widget_type=\"spacer.default\">\n\t\t\t\t<div class=\"elementor-widget-container\">\n\t\t\t<style>\/*! elementor - v3.10.2 - 29-01-2023 *\/\n.elementor-column .elementor-spacer-inner{height:var(--spacer-size)}.e-con{--container-widget-width:100%}.e-con-inner>.elementor-widget-spacer,.e-con>.elementor-widget-spacer{width:var(--container-widget-width,var(--spacer-size));--align-self:var(--container-widget-align-self,initial);--flex-shrink:0}.e-con-inner>.elementor-widget-spacer>.elementor-widget-container,.e-con-inner>.elementor-widget-spacer>.elementor-widget-container>.elementor-spacer,.e-con>.elementor-widget-spacer>.elementor-widget-container,.e-con>.elementor-widget-spacer>.elementor-widget-container>.elementor-spacer{height:100%}.e-con-inner>.elementor-widget-spacer>.elementor-widget-container>.elementor-spacer>.elementor-spacer-inner,.e-con>.elementor-widget-spacer>.elementor-widget-container>.elementor-spacer>.elementor-spacer-inner{height:var(--container-widget-height,var(--spacer-size))}<\/style>\t\t<div class=\"elementor-spacer\">\n\t\t\t<div class=\"elementor-spacer-inner\"><\/div>\n\t\t<\/div>\n\t\t\t\t<\/div>\n\t\t\t\t<\/div>\n\t\t\t\t\t<\/div>\n\t\t<\/div>\n\t\t\t\t<div class=\"elementor-column elementor-col-33 elementor-inner-column elementor-element elementor-element-4940cbb9\" data-id=\"4940cbb9\" data-element_type=\"column\">\n\t\t\t<div class=\"elementor-widget-wrap elementor-element-populated\">\n\t\t\t\t\t\t\t\t<div class=\"elementor-element elementor-element-3974c4eb elementor-view-stacked elementor-widget__width-initial elementor-hidden-tablet elementor-hidden-mobile aleft elementor-widget-icon-box wgl-icon-box elementor-shape-circle elementor-widget elementor-widget-wgl-info-box\" data-id=\"3974c4eb\" data-element_type=\"widget\" data-widget_type=\"wgl-info-box.default\">\n\t\t\t\t<div class=\"elementor-widget-container\">\n\t\t\t<a class=\"wgl-infobox__link\" href=\"tel:0048222991201\"><\/a><div class=\"wgl-infobox\"><div class=\"wgl-infobox_wrapper wgl-layout-top\"><div class=\"media-wrapper icon-wrapper\"><span class=\"wgl-icon\" ><i class=\"icon elementor-icon flaticon flaticon-phone-2\" aria-hidden=\"true\"><\/i><\/span><\/div><div class=\"content_wrapper\"><div class=\"wgl-infobox-title_wrapper\"><\/div><\/div><\/div><\/div>\t\t<\/div>\n\t\t\t\t<\/div>\n\t\t\t\t\t<\/div>\n\t\t<\/div>\n\t\t\t\t<div class=\"elementor-column elementor-col-33 elementor-inner-column elementor-element elementor-element-5aba9000\" data-id=\"5aba9000\" data-element_type=\"column\" data-settings=\"{&quot;background_background&quot;:&quot;classic&quot;}\">\n\t\t\t<div class=\"elementor-widget-wrap elementor-element-populated\">\n\t\t\t\t\t\t\t\t<div class=\"elementor-element elementor-element-5c3f722 elementor-hidden-tablet elementor-hidden-mobile elementor-widget elementor-widget-spacer\" data-id=\"5c3f722\" data-element_type=\"widget\" data-widget_type=\"spacer.default\">\n\t\t\t\t<div class=\"elementor-widget-container\">\n\t\t\t\t\t<div class=\"elementor-spacer\">\n\t\t\t<div class=\"elementor-spacer-inner\"><\/div>\n\t\t<\/div>\n\t\t\t\t<\/div>\n\t\t\t\t<\/div>\n\t\t\t\t<div class=\"elementor-element elementor-element-6f29f7d3 elementor-widget elementor-widget-text-editor\" data-id=\"6f29f7d3\" data-element_type=\"widget\" data-widget_type=\"text-editor.default\">\n\t\t\t\t<div class=\"elementor-widget-container\">\n\t\t\t<style>\/*! elementor - v3.10.2 - 29-01-2023 *\/\n.elementor-widget-text-editor.elementor-drop-cap-view-stacked .elementor-drop-cap{background-color:#818a91;color:#fff}.elementor-widget-text-editor.elementor-drop-cap-view-framed .elementor-drop-cap{color:#818a91;border:3px solid;background-color:transparent}.elementor-widget-text-editor:not(.elementor-drop-cap-view-default) .elementor-drop-cap{margin-top:8px}.elementor-widget-text-editor:not(.elementor-drop-cap-view-default) .elementor-drop-cap-letter{width:1em;height:1em}.elementor-widget-text-editor .elementor-drop-cap{float:left;text-align:center;line-height:1;font-size:50px}.elementor-widget-text-editor .elementor-drop-cap-letter{display:inline-block}<\/style>\t\t\t\t<p style=\"margin-bottom: 0px;\"><span style=\"color: #000000; font-size: 30px;\">Call Us!\u00a0<\/span><a href=\"tel:0048222991201\"><span style=\"color: #34aadc;\" class=\"additional-font\">+48 (22) 299 12 01 <\/span><\/a><\/p>\t\t\t\t\t\t<\/div>\n\t\t\t\t<\/div>\n\t\t\t\t<div class=\"elementor-element elementor-element-4ce07621 elementor-widget elementor-widget-text-editor\" data-id=\"4ce07621\" data-element_type=\"widget\" data-widget_type=\"text-editor.default\">\n\t\t\t\t<div class=\"elementor-widget-container\">\n\t\t\t\t\t\t\t<p><span style=\"color: #000000;\">WE ARE A COMMUNITY OF CROSS-FUNCTIONALLY DIGITAL EXPERTS<br \/>&lt;\/&gt;Nice to meet you.<\/span><\/p>\t\t\t\t\t\t<\/div>\n\t\t\t\t<\/div>\n\t\t\t\t\t<\/div>\n\t\t<\/div>\n\t\t\t\t\t\t\t<\/div>\n\t\t<\/section>\n\t\t\t\t\t\t\t<\/div>\n\t\t","protected":false},"excerpt":{"rendered":"<p>Leave a message Call Us!\u00a0+48 (22) 299 12 01 WE ARE A COMMUNITY OF CROSS-FUNCTIONALLY DIGITAL EXPERTS&lt;\/&gt;Nice to meet you.<\/p>\n","protected":false},"author":1,"featured_media":0,"parent":0,"menu_order":0,"comment_status":"closed","ping_status":"closed","template":"","meta":[],"yoast_head":"<!-- This site is optimized with the Yoast SEO Premium plugin v17.9 (Yoast SEO v20.0) - https:\/\/yoast.com\/wordpress\/plugins\/seo\/ -->\n<title>SINCROWARE - Craon.pl us\u0142ugi informatyczne | poszukujemy utalentowanych specjalist\u00f3w ...<\/title>\n<meta name=\"robots\" content=\"index, follow, max-snippet:-1, max-image-preview:large, max-video-preview:-1\" \/>\n<link rel=\"canonical\" href=\"https:\/\/www.craon.pl\/en\/sincronis\/\" \/>\n<meta property=\"og:locale\" content=\"en_US\" \/>\n<meta property=\"og:type\" content=\"article\" \/>\n<meta property=\"og:title\" content=\"SINCROWARE\" \/>\n<meta property=\"og:description\" content=\"Leave a message Call Us!\u00a0+48 (22) 299 12 01 WE ARE A COMMUNITY OF CROSS-FUNCTIONALLY DIGITAL EXPERTS&lt;\/&gt;Nice to meet you.\" \/>\n<meta property=\"og:url\" content=\"https:\/\/www.craon.pl\/en\/sincronis\/\" \/>\n<meta property=\"og:site_name\" content=\"Craon.pl us\u0142ugi informatyczne | poszukujemy utalentowanych specjalist\u00f3w ...\" \/>\n<meta property=\"article:modified_time\" content=\"2022-02-03T20:48:46+00:00\" \/>\n<meta property=\"og:image\" content=\"https:\/\/www.craon.pl\/wp-content\/uploads\/2022\/02\/1-1.png\" \/>\n<meta name=\"twitter:card\" content=\"summary_large_image\" \/>\n<meta name=\"twitter:label1\" content=\"Est. reading time\" \/>\n\t<meta name=\"twitter:data1\" content=\"2 minutes\" \/>\n<script type=\"application\/ld+json\" class=\"yoast-schema-graph\">{\"@context\":\"https:\/\/schema.org\",\"@graph\":[{\"@type\":\"WebPage\",\"@id\":\"https:\/\/www.craon.pl\/en\/sincronis\/\",\"url\":\"https:\/\/www.craon.pl\/en\/sincronis\/\",\"name\":\"SINCROWARE - Craon.pl us\u0142ugi informatyczne | poszukujemy utalentowanych specjalist\u00f3w ...\",\"isPartOf\":{\"@id\":\"https:\/\/www.craon.pl\/en\/#website\"},\"datePublished\":\"2022-01-05T11:26:03+00:00\",\"dateModified\":\"2022-02-03T20:48:46+00:00\",\"breadcrumb\":{\"@id\":\"https:\/\/www.craon.pl\/en\/sincronis\/#breadcrumb\"},\"inLanguage\":\"en-US\",\"potentialAction\":[{\"@type\":\"ReadAction\",\"target\":[\"https:\/\/www.craon.pl\/en\/sincronis\/\"]}]},{\"@type\":\"BreadcrumbList\",\"@id\":\"https:\/\/www.craon.pl\/en\/sincronis\/#breadcrumb\",\"itemListElement\":[{\"@type\":\"ListItem\",\"position\":1,\"name\":\"Craon\",\"item\":\"https:\/\/www.craon.pl\/en\/\"},{\"@type\":\"ListItem\",\"position\":2,\"name\":\"SINCROWARE\"}]},{\"@type\":\"WebSite\",\"@id\":\"https:\/\/www.craon.pl\/en\/#website\",\"url\":\"https:\/\/www.craon.pl\/en\/\",\"name\":\"Craon.pl us\u0142ugi informatyczne | poszukujemy utalentowanych specjalist\u00f3w ...\",\"description\":\"Kszta\u0142ci\u0107 i rozwija\u0107 m\u0142ode pokolenia w zakresie nowoczesnych technologii informatycznych; Wspiera\u0107 naszych partner\u00f3w biznesowych w ...\",\"publisher\":{\"@id\":\"https:\/\/www.craon.pl\/en\/#organization\"},\"potentialAction\":[{\"@type\":\"SearchAction\",\"target\":{\"@type\":\"EntryPoint\",\"urlTemplate\":\"https:\/\/www.craon.pl\/en\/?s={search_term_string}\"},\"query-input\":\"required name=search_term_string\"}],\"inLanguage\":\"en-US\"},{\"@type\":\"Organization\",\"@id\":\"https:\/\/www.craon.pl\/en\/#organization\",\"name\":\"Craon.pl Sp. z o.o.\",\"url\":\"https:\/\/www.craon.pl\/en\/\",\"logo\":{\"@type\":\"ImageObject\",\"inLanguage\":\"en-US\",\"@id\":\"https:\/\/www.craon.pl\/en\/#\/schema\/logo\/image\/\",\"url\":\"https:\/\/www.craon.pl\/wp-content\/uploads\/2020\/07\/craon-pl-logo-white.png\",\"contentUrl\":\"https:\/\/www.craon.pl\/wp-content\/uploads\/2020\/07\/craon-pl-logo-white.png\",\"width\":737,\"height\":223,\"caption\":\"Craon.pl Sp. z o.o.\"},\"image\":{\"@id\":\"https:\/\/www.craon.pl\/en\/#\/schema\/logo\/image\/\"},\"sameAs\":[\"https:\/\/pl.linkedin.com\/company\/craon-pl?trk=organization-update_share-update_actor-text\"]}]}<\/script>\n<!-- \/ Yoast SEO Premium plugin. -->","yoast_head_json":{"title":"SINCROWARE - Craon.pl us\u0142ugi informatyczne | poszukujemy utalentowanych specjalist\u00f3w ...","robots":{"index":"index","follow":"follow","max-snippet":"max-snippet:-1","max-image-preview":"max-image-preview:large","max-video-preview":"max-video-preview:-1"},"canonical":"https:\/\/www.craon.pl\/en\/sincronis\/","og_locale":"en_US","og_type":"article","og_title":"SINCROWARE","og_description":"Leave a message Call Us!\u00a0+48 (22) 299 12 01 WE ARE A COMMUNITY OF CROSS-FUNCTIONALLY DIGITAL EXPERTS&lt;\/&gt;Nice to meet you.","og_url":"https:\/\/www.craon.pl\/en\/sincronis\/","og_site_name":"Craon.pl us\u0142ugi informatyczne | poszukujemy utalentowanych specjalist\u00f3w ...","article_modified_time":"2022-02-03T20:48:46+00:00","og_image":[{"url":"https:\/\/www.craon.pl\/wp-content\/uploads\/2022\/02\/1-1.png"}],"twitter_card":"summary_large_image","twitter_misc":{"Est. reading time":"2 minutes"},"schema":{"@context":"https:\/\/schema.org","@graph":[{"@type":"WebPage","@id":"https:\/\/www.craon.pl\/en\/sincronis\/","url":"https:\/\/www.craon.pl\/en\/sincronis\/","name":"SINCROWARE - Craon.pl us\u0142ugi informatyczne | poszukujemy utalentowanych specjalist\u00f3w ...","isPartOf":{"@id":"https:\/\/www.craon.pl\/en\/#website"},"datePublished":"2022-01-05T11:26:03+00:00","dateModified":"2022-02-03T20:48:46+00:00","breadcrumb":{"@id":"https:\/\/www.craon.pl\/en\/sincronis\/#breadcrumb"},"inLanguage":"en-US","potentialAction":[{"@type":"ReadAction","target":["https:\/\/www.craon.pl\/en\/sincronis\/"]}]},{"@type":"BreadcrumbList","@id":"https:\/\/www.craon.pl\/en\/sincronis\/#breadcrumb","itemListElement":[{"@type":"ListItem","position":1,"name":"Craon","item":"https:\/\/www.craon.pl\/en\/"},{"@type":"ListItem","position":2,"name":"SINCROWARE"}]},{"@type":"WebSite","@id":"https:\/\/www.craon.pl\/en\/#website","url":"https:\/\/www.craon.pl\/en\/","name":"Craon.pl us\u0142ugi informatyczne | poszukujemy utalentowanych specjalist\u00f3w ...","description":"Kszta\u0142ci\u0107 i rozwija\u0107 m\u0142ode pokolenia w zakresie nowoczesnych technologii informatycznych; Wspiera\u0107 naszych partner\u00f3w biznesowych w ...","publisher":{"@id":"https:\/\/www.craon.pl\/en\/#organization"},"potentialAction":[{"@type":"SearchAction","target":{"@type":"EntryPoint","urlTemplate":"https:\/\/www.craon.pl\/en\/?s={search_term_string}"},"query-input":"required name=search_term_string"}],"inLanguage":"en-US"},{"@type":"Organization","@id":"https:\/\/www.craon.pl\/en\/#organization","name":"Craon.pl Sp. z o.o.","url":"https:\/\/www.craon.pl\/en\/","logo":{"@type":"ImageObject","inLanguage":"en-US","@id":"https:\/\/www.craon.pl\/en\/#\/schema\/logo\/image\/","url":"https:\/\/www.craon.pl\/wp-content\/uploads\/2020\/07\/craon-pl-logo-white.png","contentUrl":"https:\/\/www.craon.pl\/wp-content\/uploads\/2020\/07\/craon-pl-logo-white.png","width":737,"height":223,"caption":"Craon.pl Sp. z o.o."},"image":{"@id":"https:\/\/www.craon.pl\/en\/#\/schema\/logo\/image\/"},"sameAs":["https:\/\/pl.linkedin.com\/company\/craon-pl?trk=organization-update_share-update_actor-text"]}]}},"_links":{"self":[{"href":"https:\/\/www.craon.pl\/en\/wp-json\/wp\/v2\/pages\/7964"}],"collection":[{"href":"https:\/\/www.craon.pl\/en\/wp-json\/wp\/v2\/pages"}],"about":[{"href":"https:\/\/www.craon.pl\/en\/wp-json\/wp\/v2\/types\/page"}],"author":[{"embeddable":true,"href":"https:\/\/www.craon.pl\/en\/wp-json\/wp\/v2\/users\/1"}],"replies":[{"embeddable":true,"href":"https:\/\/www.craon.pl\/en\/wp-json\/wp\/v2\/comments?post=7964"}],"version-history":[{"count":0,"href":"https:\/\/www.craon.pl\/en\/wp-json\/wp\/v2\/pages\/7964\/revisions"}],"wp:attachment":[{"href":"https:\/\/www.craon.pl\/en\/wp-json\/wp\/v2\/media?parent=7964"}],"curies":[{"name":"wp","href":"https:\/\/api.w.org\/{rel}","templated":true}]}}